{"id":511,"date":"2015-04-08T13:13:13","date_gmt":"2015-04-08T11:13:13","guid":{"rendered":"https:\/\/staging.tessituradilurago.com\/?page_id=511"},"modified":"2015-04-08T13:13:13","modified_gmt":"2015-04-08T11:13:13","slug":"weberei","status":"publish","type":"page","link":"https:\/\/staging.tessituradilurago.com\/de\/unternehmen\/weberei\/","title":{"rendered":"Weberei"},"content":{"rendered":"<div class=\"wpb-content-wrapper\"><p>[vc_row row_type=&#8221;row&#8221; type=&#8221;full_width&#8221; text_align=&#8221;left&#8221; bg_type=&#8221;bg_color&#8221; bg_grad=&#8221;background: -webkit-gradient(linear, left top, left bottom, color-stop(0%, #FBFBFB), color-stop(50%, #E3E3E3), color-stop(100%, #C2C2C2));background: -moz-linear-gradient(top,#FBFBFB 0%,#E3E3E3 50%,#C2C2C2 100%);background: -webkit-linear-gradient(top,#FBFBFB 0%,#E3E3E3 50%,#C2C2C2 100%);background: -o-linear-gradient(top,#FBFBFB 0%,#E3E3E3 50%,#C2C2C2 100%);background: -ms-linear-gradient(top,#FBFBFB 0%,#E3E3E3 50%,#C2C2C2 100%);background: linear-gradient(top,#FBFBFB 0%,#E3E3E3 50%,#C2C2C2 100%);&#8221; bg_color_value=&#8221;#ffffff&#8221; parallax_style=&#8221;vcpb-default&#8221; bg_image_repeat=&#8221;no-repeat&#8221; bg_image_size=&#8221;cover&#8221; bg_img_attach=&#8221;fixed&#8221; parallax_sense=&#8221;30&#8243; animation_direction=&#8221;left-animation&#8221; animation_repeat=&#8221;repeat&#8221; parallax_content_sense=&#8221;30&#8243; fadeout_start_effect=&#8221;30&#8243; bg_override=&#8221;ex-full&#8221;][vc_column width=&#8221;1\/3&#8243; el_class=&#8221;float-shadow&#8221;][\/vc_column][vc_column width=&#8221;1\/3&#8243;][vc_separator type=&#8221;transparent&#8221; position=&#8221;center&#8221;][vc_separator type=&#8221;transparent&#8221; position=&#8221;center&#8221;][vc_separator type=&#8221;transparent&#8221; position=&#8221;center&#8221;][vc_single_image image=&#8221;242&#8243; alignment=&#8221;center&#8221; border_color=&#8221;grey&#8221; img_link_target=&#8221;_self&#8221; img_size=&#8221;80&#215;80&#8243;][vc_separator type=&#8221;transparent&#8221; position=&#8221;center&#8221; thickness=&#8221;1&#8243; up=&#8221;-4&#8243;][vc_column_text el_class=&#8221;titoloPagina&#8221;]<\/p>\n<div style=\"font-size: 24px; text-align: center;\">WEBEREI<\/div>\n<p>[\/vc_column_text][vc_separator type=&#8221;transparent&#8221; position=&#8221;center&#8221;][\/vc_column][vc_column width=&#8221;1\/3&#8243;][\/vc_column][\/vc_row][vc_row row_type=&#8221;row&#8221; type=&#8221;full_width&#8221; text_align=&#8221;left&#8221; css_animation=&#8221;element_from_left&#8221; bg_type=&#8221;no_bg&#8221; bg_grad=&#8221;background: -webkit-gradient(linear, left top, left bottom, color-stop(0%, #FBFBFB), color-stop(50%, #E3E3E3), color-stop(100%, #C2C2C2));background: -moz-linear-gradient(top,#FBFBFB 0%,#E3E3E3 50%,#C2C2C2 100%);background: -webkit-linear-gradient(top,#FBFBFB 0%,#E3E3E3 50%,#C2C2C2 100%);background: -o-linear-gradient(top,#FBFBFB 0%,#E3E3E3 50%,#C2C2C2 100%);background: -ms-linear-gradient(top,#FBFBFB 0%,#E3E3E3 50%,#C2C2C2 100%);background: linear-gradient(top,#FBFBFB 0%,#E3E3E3 50%,#C2C2C2 100%);&#8221; parallax_style=&#8221;vcpb-default&#8221; bg_image_repeat=&#8221;no-repeat&#8221; bg_image_size=&#8221;cover&#8221; bg_img_attach=&#8221;fixed&#8221; parallax_sense=&#8221;30&#8243; animation_direction=&#8221;left-animation&#8221; animation_repeat=&#8221;repeat&#8221; parallax_content_sense=&#8221;30&#8243; fadeout_start_effect=&#8221;30&#8243; bg_override=&#8221;0&#8243;][vc_column width=&#8221;1\/1&#8243;][vc_separator type=&#8221;transparent&#8221; position=&#8221;center&#8221;][vc_column_text el_class=&#8221;testoPagina&#8221;]<\/p>\n<p style=\"text-align: center;\">In dieser Abteilung arbeiten 45 Webst\u00fchle, die die Produktion einer breiten Artikelpalette, vom klassischen Damast zu modernen Geweben erm\u00f6glichen. Alle Gewebe werden in gro\u00dfer Breite (mehr als 300 Zentimeter), mit wertvollen Garnen und in vielen Farben und Mustern erstellt.<\/p>\n<p>[\/vc_column_text][vc_separator type=&#8221;transparent&#8221; position=&#8221;center&#8221;][\/vc_column][\/vc_row][vc_row row_type=&#8221;row&#8221; type=&#8221;full_width&#8221; text_align=&#8221;left&#8221; css_animation=&#8221;element_from_right&#8221; bg_type=&#8221;no_bg&#8221; bg_grad=&#8221;background: -webkit-gradient(linear, left top, left bottom, color-stop(0%, #FBFBFB), color-stop(50%, #E3E3E3), color-stop(100%, #C2C2C2));background: -moz-linear-gradient(top,#FBFBFB 0%,#E3E3E3 50%,#C2C2C2 100%);background: -webkit-linear-gradient(top,#FBFBFB 0%,#E3E3E3 50%,#C2C2C2 100%);background: -o-linear-gradient(top,#FBFBFB 0%,#E3E3E3 50%,#C2C2C2 100%);background: -ms-linear-gradient(top,#FBFBFB 0%,#E3E3E3 50%,#C2C2C2 100%);background: linear-gradient(top,#FBFBFB 0%,#E3E3E3 50%,#C2C2C2 100%);&#8221; parallax_style=&#8221;vcpb-default&#8221; bg_image_repeat=&#8221;no-repeat&#8221; bg_image_size=&#8221;cover&#8221; bg_img_attach=&#8221;fixed&#8221; parallax_sense=&#8221;30&#8243; animation_direction=&#8221;left-animation&#8221; animation_repeat=&#8221;repeat&#8221; parallax_content_sense=&#8221;30&#8243; fadeout_start_effect=&#8221;30&#8243; bg_override=&#8221;0&#8243;][vc_column width=&#8221;1\/6&#8243;][\/vc_column][vc_column width=&#8221;2\/3&#8243;][vc_single_image image=&#8221;431&#8243; alignment=&#8221;center&#8221; border_color=&#8221;grey&#8221; img_link_target=&#8221;_self&#8221; img_size=&#8221;large&#8221; img_link_large=&#8221;yes&#8221; el_class=&#8221;iclass&#8221; css=&#8221;.vc_custom_1428422915430{border: 2px solid #ffffff !important;}&#8221;][vc_separator type=&#8221;transparent&#8221; position=&#8221;center&#8221;][vc_separator type=&#8221;transparent&#8221; position=&#8221;center&#8221;][\/vc_column][vc_column width=&#8221;1\/6&#8243;][\/vc_column][\/vc_row]<\/p>\n<\/div>","protected":false},"excerpt":{"rendered":"<p>[vc_row row_type=&#8221;row&#8221; type=&#8221;full_width&#8221; text_align=&#8221;left&#8221; bg_type=&#8221;bg_color&#8221; bg_grad=&#8221;background: -webkit-gradient(linear, left top, left bottom, color-stop(0%, #FBFBFB), color-stop(50%, #E3E3E3), color-stop(100%, #C2C2C2));background: -moz-linear-gradient(top,#FBFBFB 0%,#E3E3E3 50%,#C2C2C2 100%);background: -webkit-linear-gradient(top,#FBFBFB 0%,#E3E3E3 50%,#C2C2C2 100%);background: -o-linear-gradient(top,#FBFBFB 0%,#E3E3E3 50%,#C2C2C2 100%);background: -ms-linear-gradient(top,#FBFBFB 0%,#E3E3E3 50%,#C2C2C2 100%);background: linear-gradient(top,#FBFBFB 0%,#E3E3E3 50%,#C2C2C2 100%);&#8221; bg_color_value=&#8221;#ffffff&#8221; parallax_style=&#8221;vcpb-default&#8221; bg_image_repeat=&#8221;no-repeat&#8221; bg_image_size=&#8221;cover&#8221; bg_img_attach=&#8221;fixed&#8221; parallax_sense=&#8221;30&#8243; animation_direction=&#8221;left-animation&#8221; animation_repeat=&#8221;repeat&#8221;&#8230;<\/p>\n","protected":false},"author":1,"featured_media":0,"parent":507,"menu_order":0,"comment_status":"open","ping_status":"closed","template":"","meta":{"footnotes":""},"class_list":["post-511","page","type-page","status-publish","hentry"],"_links":{"self":[{"href":"https:\/\/staging.tessituradilurago.com\/de\/wp-json\/wp\/v2\/pages\/511","targetHints":{"allow":["GET"]}}],"collection":[{"href":"https:\/\/staging.tessituradilurago.com\/de\/wp-json\/wp\/v2\/pages"}],"about":[{"href":"https:\/\/staging.tessituradilurago.com\/de\/wp-json\/wp\/v2\/types\/page"}],"author":[{"embeddable":true,"href":"https:\/\/staging.tessituradilurago.com\/de\/wp-json\/wp\/v2\/users\/1"}],"replies":[{"embeddable":true,"href":"https:\/\/staging.tessituradilurago.com\/de\/wp-json\/wp\/v2\/comments?post=511"}],"version-history":[{"count":1,"href":"https:\/\/staging.tessituradilurago.com\/de\/wp-json\/wp\/v2\/pages\/511\/revisions"}],"predecessor-version":[{"id":512,"href":"https:\/\/staging.tessituradilurago.com\/de\/wp-json\/wp\/v2\/pages\/511\/revisions\/512"}],"up":[{"embeddable":true,"href":"https:\/\/staging.tessituradilurago.com\/de\/wp-json\/wp\/v2\/pages\/507"}],"wp:attachment":[{"href":"https:\/\/staging.tessituradilurago.com\/de\/wp-json\/wp\/v2\/media?parent=511"}],"curies":[{"name":"wp","href":"https:\/\/api.w.org\/{rel}","templated":true}]}}