{"id":497,"date":"2015-04-08T12:54:10","date_gmt":"2015-04-08T10:54:10","guid":{"rendered":"https:\/\/staging.tessituradilurago.com\/?page_id=497"},"modified":"2015-04-08T12:54:57","modified_gmt":"2015-04-08T10:54:57","slug":"home","status":"publish","type":"page","link":"https:\/\/staging.tessituradilurago.com\/de\/","title":{"rendered":"Home"},"content":{"rendered":"<div class=\"wpb-content-wrapper\"><p>[vc_row row_type=&#8221;row&#8221; type=&#8221;full_width&#8221; text_align=&#8221;left&#8221; bg_type=&#8221;bg_color&#8221; bg_grad=&#8221;background: -webkit-gradient(linear, left top, left bottom, color-stop(0%, #FBFBFB), color-stop(50%, #E3E3E3), color-stop(100%, #C2C2C2));background: -moz-linear-gradient(top,#FBFBFB 0%,#E3E3E3 50%,#C2C2C2 100%);background: -webkit-linear-gradient(top,#FBFBFB 0%,#E3E3E3 50%,#C2C2C2 100%);background: -o-linear-gradient(top,#FBFBFB 0%,#E3E3E3 50%,#C2C2C2 100%);background: -ms-linear-gradient(top,#FBFBFB 0%,#E3E3E3 50%,#C2C2C2 100%);background: linear-gradient(top,#FBFBFB 0%,#E3E3E3 50%,#C2C2C2 100%);&#8221; bg_color_value=&#8221;#e5e5e5&#8243; parallax_style=&#8221;vcpb-default&#8221; bg_image_repeat=&#8221;no-repeat&#8221; bg_image_size=&#8221;cover&#8221; bg_img_attach=&#8221;fixed&#8221; parallax_sense=&#8221;30&#8243; animation_direction=&#8221;left-animation&#8221; animation_repeat=&#8221;repeat&#8221; parallax_content_sense=&#8221;30&#8243; fadeout_start_effect=&#8221;30&#8243; bg_override=&#8221;ex-full&#8221; el_class=&#8221;ombraSopra&#8221;][vc_column width=&#8221;1\/1&#8243;][vc_separator type=&#8221;transparent&#8221; position=&#8221;center&#8221;][vc_column_text]<\/p>\n<p style=\"text-align: center; font-size: 26px;\">KOLLEKTION<\/p>\n<p>[\/vc_column_text][vc_separator type=&#8221;transparent&#8221; position=&#8221;center&#8221;][vc_column_text el_class=&#8221;testoPagina&#8221;]<\/p>\n<p style=\"text-align: center;\">Die vom \u201e Made in Italy \u201e-Stil beeinflussten Kollektionen erf\u00fcllen alle Einrichtungsw\u00fcnsche in R\u00e4umen mit antiken M\u00f6beln oder mit moderner, minimalistischer Pr\u00e4gung.<\/p>\n<p>[\/vc_column_text][vc_row_inner row_type=&#8221;row&#8221; type=&#8221;full_width&#8221; text_align=&#8221;left&#8221; css_animation=&#8221;element_from_right&#8221;][vc_column_inner width=&#8221;1\/4&#8243; el_class=&#8221;box&#8221;][vc_column_text]<\/p>\n<div class=\"main\"><\/div>\n<div class=\"view view-fifth\">\n<p style=\"opacity: 1; padding: 0 0 !important;\"><img decoding=\"async\" src=\"https:\/\/staging.tessituradilurago.com\/wp-content\/uploads\/2015\/04\/Tecno_01-home.jpg\" alt=\"\" \/><\/p>\n<div class=\"mask\"><a class=\"info\" href=\"https:\/\/staging.tessituradilurago.com\/de\/kollektion\/tecno\"><br \/>\nTECNO<\/a><\/div>\n<\/div>\n<p>[\/vc_column_text][\/vc_column_inner][vc_column_inner width=&#8221;1\/4&#8243;][vc_column_text]<\/p>\n<div class=\"main\"><\/div>\n<div class=\"view view-fifth\">\n<p style=\"opacity: 1; padding: 0 0 !important;\"><img decoding=\"async\" src=\"https:\/\/staging.tessituradilurago.com\/wp-content\/uploads\/2015\/04\/Contract_02-home.jpg\" alt=\"\" \/><\/p>\n<div class=\"mask\"><a class=\"info\" href=\"https:\/\/staging.tessituradilurago.com\/de\/kollektion\/contract\"><br \/>\nCONTRACT<\/a><\/div>\n<\/div>\n<p>[\/vc_column_text][\/vc_column_inner][vc_column_inner width=&#8221;1\/4&#8243; el_class=&#8221;hover_waves&#8221;][vc_column_text]<\/p>\n<div class=\"main\"><\/div>\n<div class=\"view view-fifth\">\n<p style=\"opacity: 1; padding: 0 0 !important;\"><img decoding=\"async\" src=\"https:\/\/staging.tessituradilurago.com\/wp-content\/uploads\/2015\/04\/Natural_01-home.jpg\" alt=\"\" \/><\/p>\n<div class=\"mask\"><a class=\"info\" href=\"https:\/\/staging.tessituradilurago.com\/de\/kollektion\/natural\"><br \/>\nNATURAL<\/a><\/div>\n<\/div>\n<p>[\/vc_column_text][\/vc_column_inner][vc_column_inner width=&#8221;1\/4&#8243; el_class=&#8221;box&#8221;][vc_column_text]<\/p>\n<div class=\"main\"><\/div>\n<div class=\"view view-fifth\">\n<p style=\"opacity: 1; padding: 0 0 !important;\"><img decoding=\"async\" src=\"https:\/\/staging.tessituradilurago.com\/wp-content\/uploads\/2015\/04\/Basic-home.jpg\" alt=\"\" \/><\/p>\n<div class=\"mask\"><a class=\"info\" href=\"https:\/\/staging.tessituradilurago.com\/de\/kollection\/basic\"><br \/>\nBASIC<\/a><\/div>\n<\/div>\n<p>[\/vc_column_text][\/vc_column_inner][\/vc_row_inner][vc_column_text]<a name=\"collezioni\"><\/a>[\/vc_column_text][vc_separator type=&#8221;transparent&#8221; position=&#8221;center&#8221;][\/vc_column][\/vc_row][vc_row][vc_column width=&#8221;1\/1&#8243;][vc_separator type=&#8221;transparent&#8221; position=&#8221;center&#8221; thickness=&#8221;40&#8243;][\/vc_column][\/vc_row][vc_row row_type=&#8221;row&#8221; type=&#8221;full_width&#8221; text_align=&#8221;left&#8221; css_animation=&#8221;element_from_fade&#8221; bg_type=&#8221;no_bg&#8221; bg_grad=&#8221;background: -webkit-gradient(linear, left top, left bottom, color-stop(0%, #FBFBFB), color-stop(50%, #E3E3E3), color-stop(100%, #C2C2C2));background: -moz-linear-gradient(top,#FBFBFB 0%,#E3E3E3 50%,#C2C2C2 100%);background: -webkit-linear-gradient(top,#FBFBFB 0%,#E3E3E3 50%,#C2C2C2 100%);background: -o-linear-gradient(top,#FBFBFB 0%,#E3E3E3 50%,#C2C2C2 100%);background: -ms-linear-gradient(top,#FBFBFB 0%,#E3E3E3 50%,#C2C2C2 100%);background: linear-gradient(top,#FBFBFB 0%,#E3E3E3 50%,#C2C2C2 100%);&#8221; parallax_style=&#8221;vcpb-default&#8221; bg_image_repeat=&#8221;no-repeat&#8221; bg_image_size=&#8221;cover&#8221; bg_img_attach=&#8221;fixed&#8221; parallax_sense=&#8221;30&#8243; animation_direction=&#8221;left-animation&#8221; animation_repeat=&#8221;repeat&#8221; parallax_content_sense=&#8221;30&#8243; fadeout_start_effect=&#8221;30&#8243; bg_override=&#8221;0&#8243;][vc_column width=&#8221;1\/1&#8243;][vc_column_text]<\/p>\n<p style=\"text-align: center; font-size: 28px;\">DIE UNTERNEHMEN<\/p>\n<p style=\"text-align: center; line-height: 13px; font-size: 13px;\">PRODUKTIONSEINHEITEN<\/p>\n<p>[\/vc_column_text][\/vc_column][\/vc_row][vc_row][vc_column width=&#8221;1\/1&#8243;][vc_separator type=&#8221;transparent&#8221; position=&#8221;center&#8221; thickness=&#8221;20&#8243;][\/vc_column][\/vc_row][vc_row row_type=&#8221;row&#8221; type=&#8221;full_width&#8221; text_align=&#8221;left&#8221; css_animation=&#8221;element_from_left&#8221; bg_type=&#8221;no_bg&#8221; bg_grad=&#8221;background: -webkit-gradient(linear, left top, left bottom, color-stop(0%, #FBFBFB), color-stop(50%, #E3E3E3), color-stop(100%, #C2C2C2));background: -moz-linear-gradient(top,#FBFBFB 0%,#E3E3E3 50%,#C2C2C2 100%);background: -webkit-linear-gradient(top,#FBFBFB 0%,#E3E3E3 50%,#C2C2C2 100%);background: -o-linear-gradient(top,#FBFBFB 0%,#E3E3E3 50%,#C2C2C2 100%);background: -ms-linear-gradient(top,#FBFBFB 0%,#E3E3E3 50%,#C2C2C2 100%);background: linear-gradient(top,#FBFBFB 0%,#E3E3E3 50%,#C2C2C2 100%);&#8221; parallax_style=&#8221;vcpb-default&#8221; bg_image_repeat=&#8221;no-repeat&#8221; bg_image_size=&#8221;cover&#8221; bg_img_attach=&#8221;fixed&#8221; parallax_sense=&#8221;30&#8243; animation_direction=&#8221;left-animation&#8221; animation_repeat=&#8221;repeat&#8221; parallax_content_sense=&#8221;30&#8243; fadeout_start_effect=&#8221;30&#8243; bg_override=&#8221;0&#8243;][vc_column width=&#8221;1\/4&#8243; el_class=&#8221;float-shadow&#8221;]<div class=\"ult-animation  ult-animate-viewport  ult-no-mobile \" data-animate=\"flipInY\" data-animation-delay=\"0\" data-animation-duration=\"3\" data-animation-iteration=\"1\" style=\"opacity:0;\" data-opacity_start_effect=\"90\">[vc_column_text el_class=&#8221;iconaTesto&#8221;]<\/p>\n<p style=\"text-align: center;\"><a title=\"Orditoio\" href=\"https:\/\/staging.tessituradilurago.com\/de\/weberei\/\"><br \/>\n<img decoding=\"async\" style=\"width: 150px; height: 150px;\" src=\"https:\/\/staging.tessituradilurago.com\/wp-content\/uploads\/2015\/03\/icona4.png\" alt=\"orditoio\" \/><\/a><\/p>\n<p style=\"text-align: center;\"><a title=\"Orditura\" href=\"https:\/\/staging.tessituradilurago.com\/de\/weberei\/\"><br \/>\nDIE WEBEREI <\/a><\/p>\n<p>[\/vc_column_text][vc_column_text el_class=&#8221;testoPagina&#8221;]<\/p>\n<div style=\"margin-left: 10px; margin-right: 10px; text-align: center;\">In dieser Abteilung arbeiten 45 Webst\u00fchle, die die Produktion einer breiten Artikelpalette, vom klassischen Damast zu modernen Geweben erm\u00f6glichen.<\/div>\n<p>[\/vc_column_text]<\/div>[\/vc_column][vc_column width=&#8221;1\/4&#8243; el_class=&#8221;float-shadow&#8221;]<div class=\"ult-animation  ult-animate-viewport  ult-no-mobile \" data-animate=\"flipInY\" data-animation-delay=\"0\" data-animation-duration=\"3\" data-animation-iteration=\"1\" style=\"opacity:0;\" data-opacity_start_effect=\"90\">[vc_column_text el_class=&#8221;iconaTesto&#8221;]<\/p>\n<p style=\"text-align: center;\"><a title=\"Ufficio stile\" href=\"https:\/\/staging.tessituradilurago.com\/de\/stilabteilung\/\"><br \/>\n<img decoding=\"async\" style=\"width: 150px; height: 150px;\" src=\"https:\/\/staging.tessituradilurago.com\/wp-content\/uploads\/2015\/03\/icona2.png\" alt=\"ufficio stile\" \/><\/a><\/p>\n<p style=\"text-align: center;\"><a title=\"Ufficio stile\" href=\"https:\/\/staging.tessituradilurago.com\/de\/stilabteilung\/\"><br \/>\nDIE STILABTEILUNG <\/a><\/p>\n<p>[\/vc_column_text][vc_column_text el_class=&#8221;testoPagina&#8221;]<\/p>\n<p style=\"text-align: center;\">Sie arbeitet direkt mit den Kunden zusammen, verwirklicht ihre W\u00fcnsche, \u00fcberrascht sie mit kreativen Vorschl\u00e4gen.<\/p>\n<p>[\/vc_column_text]<\/div>[\/vc_column][vc_column width=&#8221;1\/4&#8243; el_class=&#8221;float-shadow&#8221;]<div class=\"ult-animation  ult-animate-viewport  ult-no-mobile \" data-animate=\"flipInY\" data-animation-delay=\"0\" data-animation-duration=\"3\" data-animation-iteration=\"1\" style=\"opacity:0;\" data-opacity_start_effect=\"90\">[vc_column_text el_class=&#8221;iconaTesto&#8221;]<\/p>\n<p style=\"text-align: center;\"><a title=\"Controllo qualit\u00e0\" href=\"https:\/\/staging.tessituradilurago.com\/de\/qualitatskontrolle\"><br \/>\n<img decoding=\"async\" style=\"width: 150px; height: 150px;\" src=\"https:\/\/staging.tessituradilurago.com\/wp-content\/uploads\/2015\/03\/icona3.png\" alt=\"controllo qualit\u00e0\" \/><\/a><\/p>\n<p style=\"text-align: center;\"><a title=\"Controllo qualit\u00e0\" href=\"https:\/\/staging.tessituradilurago.com\/de\/qualitatskontrolle\/\"><br \/>\nQUALITATSKONTROLLE<\/a><\/p>\n<p>[\/vc_column_text][vc_column_text el_class=&#8221;testoPagina&#8221;]<\/p>\n<p style=\"text-align: center;\">Das hochqualifizierte und geschulte Personal begleitet jede Phase der Produktion und greift bei eventuellen Problemen unverz\u00fcglich ein.<\/p>\n<p>[\/vc_column_text]<\/div>[\/vc_column][vc_column width=&#8221;1\/4&#8243; el_class=&#8221;float-shadow&#8221;]<div class=\"ult-animation  ult-animate-viewport  ult-no-mobile \" data-animate=\"flipInY\" data-animation-delay=\"0\" data-animation-duration=\"3\" data-animation-iteration=\"1\" style=\"opacity:0;\" data-opacity_start_effect=\"90\">[vc_column_text el_class=&#8221;iconaTesto&#8221;]<\/p>\n<p style=\"text-align: center;\"><a title=\"Tessitura\" href=\"https:\/\/staging.tessituradilurago.com\/de\/zettelrahmen\"><br \/>\n<img decoding=\"async\" style=\"width: 150px; height: 150px;\" src=\"https:\/\/staging.tessituradilurago.com\/wp-content\/uploads\/2015\/03\/icona1.png\" alt=\"ufficio stile\" \/><\/a><\/p>\n<p style=\"text-align: center;\"><a title=\"Tessitura\" href=\"https:\/\/staging.tessituradilurago.com\/de\/zettelrahmen \"><br \/>\nZETTELRAHMEN<\/a><\/p>\n<p>[\/vc_column_text][vc_column_text el_class=&#8221;testoPagina&#8221;]<\/p>\n<div style=\"margin-left: 10px; margin-right: 10px; text-align: center;\">\n<p>Der Kettbaum wird im Zettelrahmen produziert, dann direkt auf die Webst\u00fchle verlegt. Die Produktion wird dadurch qualitativ und quantitativ extrem anpassungsf\u00e4hig.<\/p>\n<\/div>\n<p>[\/vc_column_text]<\/div>[\/vc_column][\/vc_row][vc_row][vc_column width=&#8221;1\/1&#8243;][vc_column_text]<a name=\"azienda\"><\/a>[\/vc_column_text][vc_separator type=&#8221;transparent&#8221; position=&#8221;center&#8221; thickness=&#8221;20&#8243;][vc_separator type=&#8221;transparent&#8221; position=&#8221;center&#8221; thickness=&#8221;20&#8243;][\/vc_column][\/vc_row][vc_row][vc_column width=&#8221;1\/1&#8243;][vc_separator type=&#8221;transparent&#8221; position=&#8221;center&#8221; thickness=&#8221;20&#8243;][\/vc_column][\/vc_row][vc_row row_type=&#8221;row&#8221; type=&#8221;full_width&#8221; text_align=&#8221;left&#8221; css_animation=&#8221;element_from_right&#8221; bg_type=&#8221;no_bg&#8221; bg_grad=&#8221;background: -webkit-gradient(linear, left top, left bottom, color-stop(0%, #FBFBFB), color-stop(50%, #E3E3E3), color-stop(100%, #C2C2C2));background: -moz-linear-gradient(top,#FBFBFB 0%,#E3E3E3 50%,#C2C2C2 100%);background: -webkit-linear-gradient(top,#FBFBFB 0%,#E3E3E3 50%,#C2C2C2 100%);background: -o-linear-gradient(top,#FBFBFB 0%,#E3E3E3 50%,#C2C2C2 100%);background: -ms-linear-gradient(top,#FBFBFB 0%,#E3E3E3 50%,#C2C2C2 100%);background: linear-gradient(top,#FBFBFB 0%,#E3E3E3 50%,#C2C2C2 100%);&#8221; parallax_style=&#8221;vcpb-default&#8221; bg_image_repeat=&#8221;no-repeat&#8221; bg_image_size=&#8221;cover&#8221; bg_img_attach=&#8221;fixed&#8221; parallax_sense=&#8221;30&#8243; animation_direction=&#8221;left-animation&#8221; animation_repeat=&#8221;repeat&#8221; parallax_content_sense=&#8221;30&#8243; fadeout_start_effect=&#8221;30&#8243; bg_override=&#8221;0&#8243;][vc_column width=&#8221;1\/3&#8243; el_class=&#8221;iclass&#8221;][vc_single_image border_color=&#8221;grey&#8221; img_link_target=&#8221;_self&#8221; image=&#8221;321&#8243; alignment=&#8221;center&#8221; img_size=&#8221;350&#215;200&#8243; link=&#8221;https:\/\/staging.tessituradilurago.com\/mission&#8221;][vc_column_text]<\/p>\n<p style=\"font-size: 16px; text-align: left;\"><strong>Unsere Unternehmensphilosophie <\/strong><\/p>\n<p>[\/vc_column_text][vc_column_text]Unser Unternehmen stellt seit eh und je durch Einsatz von italienischen Rohstoffen die besten Erzeugnisse her. Sie sind dem aktuellen Markterfordernissen angepasst&#8230;[\/vc_column_text]<a href=\"https:\/\/staging.tessituradilurago.com\/de\/unternehmensphilosophie\" target=\"_self\" class=\"qbutton transparent_button small right\" style=\"border: 1px solid #020202; \"><span>Learn more<\/span><\/a>[\/vc_column][vc_column width=&#8221;1\/3&#8243; el_class=&#8221;iclass&#8221;][vc_single_image border_color=&#8221;grey&#8221; img_link_target=&#8221;_self&#8221; image=&#8221;377&#8243; alignment=&#8221;center&#8221; img_size=&#8221;350&#215;200&#8243; link=&#8221;https:\/\/staging.tessituradilurago.com\/chi-siamo&#8221;][vc_column_text]<\/p>\n<p style=\"text-align: left; font-size: 16px;\"><strong>Das Unternehmen<br \/>\n<\/strong><\/p>\n<p>[\/vc_column_text][vc_column_text]Eine 50-j\u00e4hrige Erfahrung in der Erstellung von Vorhangstoffen kennzeichnet die Tessitura di Lurago (TDL) aus. Das Familienunternehmen mit Sitz in Lurago Marinone&#8230;[\/vc_column_text]<a href=\"https:\/\/staging.tessituradilurago.com\/de\/das-unternehmen \" target=\"_self\" class=\"qbutton transparent_button small\" style=\"\"><span>Learn more<\/span><\/a>[\/vc_column][vc_column width=&#8221;1\/3&#8243; el_class=&#8221;iclass&#8221;][vc_single_image border_color=&#8221;grey&#8221; img_link_target=&#8221;_self&#8221; image=&#8221;144&#8243; alignment=&#8221;center&#8221; img_size=&#8221;350&#215;200&#8243; link=&#8221;https:\/\/staging.tessituradilurago.com\/contatti&#8221;][vc_column_text]<\/p>\n<p style=\"text-align: left; font-size: 16px;\"><strong>Kontakte<\/strong><\/p>\n<p>[\/vc_column_text][vc_column_text]Lurago Marinone &#8211; Via della Cerca 5 (CO)<\/p>\n<p>Phone: +39 031935957<\/p>\n<p>Mail: info@tessituradilurago.com[\/vc_column_text]<a href=\"https:\/\/staging.tessituradilurago.com\/de\/kontakte\" target=\"_self\" class=\"qbutton transparent_button small\" style=\"\"><span>Learn more<\/span><\/a>[\/vc_column][\/vc_row][vc_row][vc_column width=&#8221;1\/1&#8243;][vc_separator type=&#8221;transparent&#8221; position=&#8221;center&#8221; thickness=&#8221;20&#8243;][\/vc_column][\/vc_row]<\/p>\n<\/div>","protected":false},"excerpt":{"rendered":"<p>[vc_row row_type=&#8221;row&#8221; type=&#8221;full_width&#8221; text_align=&#8221;left&#8221; bg_type=&#8221;bg_color&#8221; bg_grad=&#8221;background: -webkit-gradient(linear, left top, left bottom, color-stop(0%, #FBFBFB), color-stop(50%, #E3E3E3), color-stop(100%, #C2C2C2));background: -moz-linear-gradient(top,#FBFBFB 0%,#E3E3E3 50%,#C2C2C2 100%);background: -webkit-linear-gradient(top,#FBFBFB 0%,#E3E3E3 50%,#C2C2C2 100%);background: -o-linear-gradient(top,#FBFBFB 0%,#E3E3E3 50%,#C2C2C2 100%);background: -ms-linear-gradient(top,#FBFBFB 0%,#E3E3E3 50%,#C2C2C2 100%);background: linear-gradient(top,#FBFBFB 0%,#E3E3E3 50%,#C2C2C2 100%);&#8221; bg_color_value=&#8221;#e5e5e5&#8243; parallax_style=&#8221;vcpb-default&#8221; bg_image_repeat=&#8221;no-repeat&#8221; bg_image_size=&#8221;cover&#8221; bg_img_attach=&#8221;fixed&#8221; parallax_sense=&#8221;30&#8243; animation_direction=&#8221;left-animation&#8221; animation_repeat=&#8221;repeat&#8221;&#8230;<\/p>\n","protected":false},"author":1,"featured_media":0,"parent":0,"menu_order":0,"comment_status":"open","ping_status":"closed","template":"","meta":{"footnotes":""},"class_list":["post-497","page","type-page","status-publish","hentry"],"_links":{"self":[{"href":"https:\/\/staging.tessituradilurago.com\/de\/wp-json\/wp\/v2\/pages\/497","targetHints":{"allow":["GET"]}}],"collection":[{"href":"https:\/\/staging.tessituradilurago.com\/de\/wp-json\/wp\/v2\/pages"}],"about":[{"href":"https:\/\/staging.tessituradilurago.com\/de\/wp-json\/wp\/v2\/types\/page"}],"author":[{"embeddable":true,"href":"https:\/\/staging.tessituradilurago.com\/de\/wp-json\/wp\/v2\/users\/1"}],"replies":[{"embeddable":true,"href":"https:\/\/staging.tessituradilurago.com\/de\/wp-json\/wp\/v2\/comments?post=497"}],"version-history":[{"count":2,"href":"https:\/\/staging.tessituradilurago.com\/de\/wp-json\/wp\/v2\/pages\/497\/revisions"}],"predecessor-version":[{"id":499,"href":"https:\/\/staging.tessituradilurago.com\/de\/wp-json\/wp\/v2\/pages\/497\/revisions\/499"}],"wp:attachment":[{"href":"https:\/\/staging.tessituradilurago.com\/de\/wp-json\/wp\/v2\/media?parent=497"}],"curies":[{"name":"wp","href":"https:\/\/api.w.org\/{rel}","templated":true}]}}